{"id":21,"date":"2019-01-19T10:34:37","date_gmt":"2019-01-19T10:34:37","guid":{"rendered":"http:\/\/www.pspro.fr\/?page_id=21"},"modified":"2026-01-07T17:12:09","modified_gmt":"2026-01-07T16:12:09","slug":"home","status":"publish","type":"page","link":"http:\/\/www.pspro.fr\/en\/","title":{"rendered":"Accueil"},"content":{"rendered":"<div class=\"wpb-content-wrapper\"><div data-vc-full-width=\"true\" data-vc-full-width-init=\"false\" data-vc-stretch-content=\"true\" class=\"vc_row wpb_row vc_row-fluid vc_custom_1549869430454 vc_row-no-padding\"><div class=\"rs_col-sm-6 align-items-center wpb_column vc_column_container vc_col-sm-2\"><div class=\"vc_column-inner\"><div class=\"wpb_wrapper\"><div class=\"vc-hoverbox-wrapper  vc-hoverbox-shape--square vc-hoverbox-align--center vc-hoverbox-direction--default vc-hoverbox-width--100\"  ontouchstart=\"\">\n  <div class=\"vc-hoverbox\">\n    <div class=\"vc-hoverbox-inner\">\n      <div class=\"vc-hoverbox-block vc-hoverbox-front\" style=\"background-image: url(http:\/\/www.pspro.fr\/wp-content\/uploads\/2024\/02\/accueil-pspro-01-1.jpg);\">\n        <div class=\"vc-hoverbox-block-inner vc-hoverbox-front-inner\">\n            <h2 style=\"text-align:center\">Multisports<\/h2>\n        <\/div>\n      <\/div>\n      <div class=\"vc-hoverbox-block vc-hoverbox-back\" style=\"background-color: #b44095;\">\n        <div class=\"vc-hoverbox-block-inner vc-hoverbox-back-inner\">\n            <h2 style=\"text-align:center\">Multisports<\/h2>\n            <p><img loading=\"lazy\" decoding=\"async\" class=\"alignnone size-full wp-image-6506\" src=\"http:\/\/www.pspro.fr\/wp-content\/uploads\/2019\/03\/running.png\" alt=\"\" width=\"126\" height=\"126\" srcset=\"http:\/\/www.pspro.fr\/wp-content\/uploads\/2019\/03\/running.png 126w, http:\/\/www.pspro.fr\/wp-content\/uploads\/2019\/03\/running-100x100.png 100w\" sizes=\"auto, (max-width: 126px) 100vw, 126px\" \/><\/p>\n\n            <div class=\"vc_btn3-container vc_btn3-inline vc_do_btn\" ><a class=\"vc_general vc_btn3 vc_btn3-size-md vc_btn3-shape-square vc_btn3-style-modern vc_btn3-color-white\" href=\"http:\/\/www.pspro.fr\/en\/dt_activities\/multi-disciplines\/\" title=\"Multi Disciplines\">+ d'infos<\/a><\/div>\n        <\/div>\n      <\/div>\n    <\/div>\n  <\/div>\n<\/div><\/div><\/div><\/div><div class=\"rs_col-sm-6 wpb_column vc_column_container vc_col-sm-2\"><div class=\"vc_column-inner\"><div class=\"wpb_wrapper\"><div class=\"vc-hoverbox-wrapper  vc-hoverbox-shape--square vc-hoverbox-align--center vc-hoverbox-direction--default vc-hoverbox-width--100\"  ontouchstart=\"\">\n  <div class=\"vc-hoverbox\">\n    <div class=\"vc-hoverbox-inner\">\n      <div class=\"vc-hoverbox-block vc-hoverbox-front\" style=\"background-image: url(http:\/\/www.pspro.fr\/wp-content\/uploads\/2024\/02\/coach.jpg);\">\n        <div class=\"vc-hoverbox-block-inner vc-hoverbox-front-inner\">\n            <h2 style=\"text-align:center\">Entraineurs<\/h2>\n        <\/div>\n      <\/div>\n      <div class=\"vc-hoverbox-block vc-hoverbox-back\" style=\"background-color: #b44095;\">\n        <div class=\"vc-hoverbox-block-inner vc-hoverbox-back-inner\">\n            <h2 style=\"text-align:center\">Entraineurs<\/h2>\n            <p><img loading=\"lazy\" decoding=\"async\" class=\"alignnone size-full wp-image-6738\" src=\"http:\/\/www.pspro.fr\/wp-content\/uploads\/2024\/02\/coach.png\" alt=\"\" width=\"126\" height=\"126\" srcset=\"http:\/\/www.pspro.fr\/wp-content\/uploads\/2024\/02\/coach.png 126w, http:\/\/www.pspro.fr\/wp-content\/uploads\/2024\/02\/coach-100x100.png 100w\" sizes=\"auto, (max-width: 126px) 100vw, 126px\" \/><\/p>\n\n            <div class=\"vc_btn3-container vc_btn3-inline vc_do_btn\" ><a class=\"vc_general vc_btn3 vc_btn3-size-md vc_btn3-shape-square vc_btn3-style-modern vc_btn3-color-white\" href=\"http:\/\/www.pspro.fr\/en\/dt_activities\/entraineurs-cadres\/\" title=\"Entraineurs Cadres\">+ d'infos<\/a><\/div>\n        <\/div>\n      <\/div>\n    <\/div>\n  <\/div>\n<\/div><\/div><\/div><\/div><div class=\"rs_col-sm-6 wpb_column vc_column_container vc_col-sm-2\"><div class=\"vc_column-inner\"><div class=\"wpb_wrapper\"><div class=\"vc-hoverbox-wrapper  vc-hoverbox-shape--square vc-hoverbox-align--center vc-hoverbox-direction--default vc-hoverbox-width--100\"  ontouchstart=\"\">\n  <div class=\"vc-hoverbox\">\n    <div class=\"vc-hoverbox-inner\">\n      <div class=\"vc-hoverbox-block vc-hoverbox-front\" style=\"background-image: url(http:\/\/www.pspro.fr\/wp-content\/uploads\/2024\/02\/Basket-pspro.jpg);\">\n        <div class=\"vc-hoverbox-block-inner vc-hoverbox-front-inner\">\n            <h2 style=\"text-align:center\">Basket<\/h2>\n        <\/div>\n      <\/div>\n      <div class=\"vc-hoverbox-block vc-hoverbox-back\" style=\"background-color: #b44095;\">\n        <div class=\"vc-hoverbox-block-inner vc-hoverbox-back-inner\">\n            <h2 style=\"text-align:center\">Basket<\/h2>\n            <p><img loading=\"lazy\" decoding=\"async\" class=\"alignnone size-full wp-image-6732\" src=\"http:\/\/www.pspro.fr\/wp-content\/uploads\/2024\/02\/basket.png\" alt=\"\" width=\"126\" height=\"126\" srcset=\"http:\/\/www.pspro.fr\/wp-content\/uploads\/2024\/02\/basket.png 126w, http:\/\/www.pspro.fr\/wp-content\/uploads\/2024\/02\/basket-100x100.png 100w\" sizes=\"auto, (max-width: 126px) 100vw, 126px\" \/><\/p>\n\n            <div class=\"vc_btn3-container vc_btn3-inline vc_do_btn\" ><a class=\"vc_general vc_btn3 vc_btn3-size-md vc_btn3-shape-square vc_btn3-style-modern vc_btn3-color-white\" href=\"http:\/\/www.pspro.fr\/en\/dt_activities\/basket\/\" title=\"Basket\">+ d'infos<\/a><\/div>\n        <\/div>\n      <\/div>\n    <\/div>\n  <\/div>\n<\/div><\/div><\/div><\/div><div class=\"rs_col-sm-6 wpb_column vc_column_container vc_col-sm-2\"><div class=\"vc_column-inner\"><div class=\"wpb_wrapper\"><div class=\"vc-hoverbox-wrapper  vc-hoverbox-shape--square vc-hoverbox-align--center vc-hoverbox-direction--default vc-hoverbox-width--100\"  ontouchstart=\"\">\n  <div class=\"vc-hoverbox\">\n    <div class=\"vc-hoverbox-inner\">\n      <div class=\"vc-hoverbox-block vc-hoverbox-front\" style=\"background-image: url(http:\/\/www.pspro.fr\/wp-content\/uploads\/2024\/02\/Football-pspro.jpg);\">\n        <div class=\"vc-hoverbox-block-inner vc-hoverbox-front-inner\">\n            <h2 style=\"text-align:center\">Football<\/h2>\n        <\/div>\n      <\/div>\n      <div class=\"vc-hoverbox-block vc-hoverbox-back\" style=\"background-color: #b44095;\">\n        <div class=\"vc-hoverbox-block-inner vc-hoverbox-back-inner\">\n            <h2 style=\"text-align:center\">Football<\/h2>\n            <p><img loading=\"lazy\" decoding=\"async\" class=\"alignnone size-full wp-image-6730\" src=\"http:\/\/www.pspro.fr\/wp-content\/uploads\/2024\/02\/football.png\" alt=\"\" width=\"126\" height=\"126\" srcset=\"http:\/\/www.pspro.fr\/wp-content\/uploads\/2024\/02\/football.png 126w, http:\/\/www.pspro.fr\/wp-content\/uploads\/2024\/02\/football-100x100.png 100w\" sizes=\"auto, (max-width: 126px) 100vw, 126px\" \/><\/p>\n\n            <div class=\"vc_btn3-container vc_btn3-inline vc_do_btn\" ><a class=\"vc_general vc_btn3 vc_btn3-size-md vc_btn3-shape-square vc_btn3-style-modern vc_btn3-color-white\" href=\"http:\/\/www.pspro.fr\/en\/dt_activities\/football-professionnel-l1-l2\/\" title=\"Football Professionnel L1 \/ L2\">+ d'infos<\/a><\/div>\n        <\/div>\n      <\/div>\n    <\/div>\n  <\/div>\n<\/div><\/div><\/div><\/div><div class=\"rs_col-sm-6 wpb_column vc_column_container vc_col-sm-2\"><div class=\"vc_column-inner\"><div class=\"wpb_wrapper\"><div class=\"vc-hoverbox-wrapper  vc-hoverbox-shape--square vc-hoverbox-align--center vc-hoverbox-direction--default vc-hoverbox-width--100\"  ontouchstart=\"\">\n  <div class=\"vc-hoverbox\">\n    <div class=\"vc-hoverbox-inner\">\n      <div class=\"vc-hoverbox-block vc-hoverbox-front\" style=\"background-image: url(http:\/\/www.pspro.fr\/wp-content\/uploads\/2024\/02\/Handball-pspro.jpg);\">\n        <div class=\"vc-hoverbox-block-inner vc-hoverbox-front-inner\">\n            <h2 style=\"text-align:center\">Handball<\/h2>\n        <\/div>\n      <\/div>\n      <div class=\"vc-hoverbox-block vc-hoverbox-back\" style=\"background-color: #b44095;\">\n        <div class=\"vc-hoverbox-block-inner vc-hoverbox-back-inner\">\n            <h2 style=\"text-align:center\">Handball<\/h2>\n            <p><img loading=\"lazy\" decoding=\"async\" class=\"alignnone size-full wp-image-6731\" src=\"http:\/\/www.pspro.fr\/wp-content\/uploads\/2024\/02\/hanball.png\" alt=\"\" width=\"126\" height=\"126\" srcset=\"http:\/\/www.pspro.fr\/wp-content\/uploads\/2024\/02\/hanball.png 126w, http:\/\/www.pspro.fr\/wp-content\/uploads\/2024\/02\/hanball-100x100.png 100w\" sizes=\"auto, (max-width: 126px) 100vw, 126px\" \/><\/p>\n\n            <div class=\"vc_btn3-container vc_btn3-inline vc_do_btn\" ><a class=\"vc_general vc_btn3 vc_btn3-size-md vc_btn3-shape-square vc_btn3-style-modern vc_btn3-color-white\" href=\"http:\/\/www.pspro.fr\/en\/dt_activities\/handball-masculin-1ere-division\/\" title=\"Handball Masculin 1\u00e8re Division\">+ d'infos<\/a><\/div>\n        <\/div>\n      <\/div>\n    <\/div>\n  <\/div>\n<\/div><\/div><\/div><\/div><div class=\"rs_col-sm-6 wpb_column vc_column_container vc_col-sm-2\"><div class=\"vc_column-inner\"><div class=\"wpb_wrapper\"><div class=\"vc-hoverbox-wrapper  vc-hoverbox-shape--square vc-hoverbox-align--center vc-hoverbox-direction--default vc-hoverbox-width--100\"  ontouchstart=\"\">\n  <div class=\"vc-hoverbox\">\n    <div class=\"vc-hoverbox-inner\">\n      <div class=\"vc-hoverbox-block vc-hoverbox-front\" style=\"background-image: url(http:\/\/www.pspro.fr\/wp-content\/uploads\/2024\/02\/rugby-pspro.jpg);\">\n        <div class=\"vc-hoverbox-block-inner vc-hoverbox-front-inner\">\n            <h2 style=\"text-align:center\">Rugby<\/h2>\n        <\/div>\n      <\/div>\n      <div class=\"vc-hoverbox-block vc-hoverbox-back\" style=\"background-color: #b44095;\">\n        <div class=\"vc-hoverbox-block-inner vc-hoverbox-back-inner\">\n            <h2 style=\"text-align:center\">Rugby<\/h2>\n            <p><img loading=\"lazy\" decoding=\"async\" class=\"alignnone size-full wp-image-6737\" src=\"http:\/\/www.pspro.fr\/wp-content\/uploads\/2024\/02\/rugby.png\" alt=\"\" width=\"126\" height=\"126\" srcset=\"http:\/\/www.pspro.fr\/wp-content\/uploads\/2024\/02\/rugby.png 126w, http:\/\/www.pspro.fr\/wp-content\/uploads\/2024\/02\/rugby-100x100.png 100w\" sizes=\"auto, (max-width: 126px) 100vw, 126px\" \/><\/p>\n\n            <div class=\"vc_btn3-container vc_btn3-inline vc_do_btn\" ><a class=\"vc_general vc_btn3 vc_btn3-size-md vc_btn3-shape-square vc_btn3-style-modern vc_btn3-color-white\" href=\"http:\/\/www.pspro.fr\/en\/dt_activities\/rugby-federale-1\/\" title=\"Rugby F\u00e9d\u00e9rale 1\">+ d'infos<\/a><\/div>\n        <\/div>\n      <\/div>\n    <\/div>\n  <\/div>\n<\/div><\/div><\/div><\/div><\/div><div class=\"vc_row-full-width vc_clearfix\"><\/div><div data-vc-full-width=\"true\" data-vc-full-width-init=\"false\" class=\"vc_row wpb_row vc_row-fluid dt-sc-dark-bg vc_custom_1708077152759 vc_row-has-fill\"><div class=\"rs_col-sm-9 slanting-edge wpb_column vc_column_container vc_col-sm-6 vc_col-lg-offset-6 vc_col-lg-6 vc_col-md-offset-6 vc_col-md-6 vc_col-sm-offset-3\"><div class=\"vc_column-inner\"><div class=\"wpb_wrapper\"><div id=\"1549255730383-fc5359b6-485f\" class=\"dt-sc-empty-space\"><\/div><div class=\"vc_row wpb_row vc_inner vc_row-fluid\"><div class=\"wpb_column vc_column_container vc_col-sm-4\"><div class=\"vc_column-inner\"><div class=\"wpb_wrapper\"><div class='dt-sc-icon-box type2'><div class=\"icon-wrapper\"><span class='icon icon-soccer'> <\/span><\/div><div class=\"icon-content\"><h4>Sportifs professionnels<\/h4><p><\/p><\/div><\/div><\/div><\/div><\/div><div class=\"wpb_column vc_column_container vc_col-sm-4\"><div class=\"vc_column-inner\"><div class=\"wpb_wrapper\"><div class='dt-sc-icon-box type2'><div class=\"icon-wrapper\"><span class='icon icon-users'> <\/span><\/div><div class=\"icon-content\"><h4>Entraineurs<\/h4><p><\/p><\/div><\/div><\/div><\/div><\/div><div class=\"wpb_column vc_column_container vc_col-sm-4\"><div class=\"vc_column-inner\"><div class=\"wpb_wrapper\"><div class='dt-sc-icon-box type2'><div class=\"icon-wrapper\"><span class='icon icon-agenda'> <\/span><\/div><div class=\"icon-content\"><h4>Clubs<\/h4><p><\/p><\/div><\/div><\/div><\/div><\/div><\/div><div id=\"1549630123652-084e5f1d-cab8\" class=\"dt-sc-empty-space\"><\/div><div class='dt-sc-title border-title'><h3>PS PRO a souscrit aupr\u00e8s d'AXA diff\u00e9rentes formules d'assurances pr\u00e9voyance.<\/h3><\/div>\n\t<div class=\"wpb_text_column wpb_content_element  vc_custom_1721911441573\" style=\"font-size: 18px\">\n\t\t<div class=\"wpb_wrapper\">\n\t\t\t<p style=\"font-weight: 400;\"><strong>L\u2019offre pr\u00e9voyance<\/strong> a \u00e9t\u00e9 organis\u00e9e en r\u00e9gimes progressifs pr\u00e9\u00e9tablis, permettant d\u2019apporter \u00e0 toutes les structures, une palette de r\u00e9ponses permettant la couverture de vos sportifs professionnels et de vos entraineurs.<\/p>\n\n\t\t<\/div>\n\t<\/div>\n<div id=\"1549861838637-fcf87156-4610\" class=\"dt-sc-empty-space\"><\/div><a href='http:\/\/www.pspro.fr\/en\/lassociation\/' target='_self' title='' class='dt-sc-button   medium   bordered' > En Savoir Plus <\/a><a href='http:\/\/www.pspro.fr\/en\/contact\/' target='_self' title='Contact' class='dt-sc-button   medium   bordered' > Contactez-nous <\/a><div id=\"1549947042266-7e17c5b9-ec50\" class=\"dt-sc-empty-space\"><\/div><\/div><\/div><\/div><\/div><div class=\"vc_row-full-width vc_clearfix\"><\/div><div data-vc-full-width=\"true\" data-vc-full-width-init=\"false\" class=\"vc_row wpb_row vc_row-fluid dt-sc-dark-bg vc_custom_1707326390019 vc_row-has-fill\"><div class=\"wpb_column vc_column_container vc_col-sm-12\"><div class=\"vc_column-inner\"><div class=\"wpb_wrapper\"><div id=\"1549256984988-6401686c-2574\" class=\"dt-sc-empty-space\"><\/div><div class='dt-sc-testimonial-wrapper carousel_items type2' data-animation='scroll'><ul class=\"dt-sc-testimonial-carousel\"><li><div class='dt-sc-testimonial type2'><div class=\"dt-sc-testimonial-quote\"><blockquote> <q>Suite \u00e0 notre mont\u00e9e, nous avons recrut\u00e9 un entraineur cadre. Le produit d\u2019assurance propos\u00e9 par l\u2019Association Ps pro a parfaitement r\u00e9pondu \u00e0 nos attentes.<\/q> <\/blockquote><\/div><div class=\"dt-sc-testimonial-author\"><span><img loading=\"lazy\" decoding=\"async\" width=\"640\" height=\"427\" src=\"http:\/\/www.pspro.fr\/wp-content\/uploads\/2024\/02\/laurent.jpg\" class=\"attachment-full\" alt=\"\" title=\"laurent\" srcset=\"http:\/\/www.pspro.fr\/wp-content\/uploads\/2024\/02\/laurent.jpg 640w, http:\/\/www.pspro.fr\/wp-content\/uploads\/2024\/02\/laurent-300x200.jpg 300w, http:\/\/www.pspro.fr\/wp-content\/uploads\/2024\/02\/laurent-500x334.jpg 500w\" sizes=\"auto, (max-width: 640px) 100vw, 640px\" \/><\/span><cite>Laurent<small>Pr\u00e9sident d\u2019un club de Volley-Ball<\/small><\/cite><\/div><\/div><\/li><li><div class='dt-sc-testimonial type2'><div class=\"dt-sc-testimonial-quote\"><blockquote> <q>Nous avons sollicit\u00e9 l\u2019Association PS PRO pour couvrir nos joueurs professionnels. Nous avons adh\u00e9r\u00e9 \u00e0 l\u2019offre multi-disciplines, nous permettant ainsi de r\u00e9pondre \u00e0 nos obligations. Le conseil et le service sont de qualit\u00e9.[\/<\/q> <\/blockquote><\/div><div class=\"dt-sc-testimonial-author\"><span><img loading=\"lazy\" decoding=\"async\" width=\"130\" height=\"130\" src=\"http:\/\/www.pspro.fr\/wp-content\/uploads\/2019\/01\/team1.jpg\" class=\"attachment-full\" alt=\"\" title=\"team1\" srcset=\"http:\/\/www.pspro.fr\/wp-content\/uploads\/2019\/01\/team1.jpg 130w, http:\/\/www.pspro.fr\/wp-content\/uploads\/2019\/01\/team1-100x100.jpg 100w\" sizes=\"auto, (max-width: 130px) 100vw, 130px\" \/><\/span><cite>Daniel<small>Pr\u00e9sident d\u2019un Club de Hockey-Sur-Glace<\/small><\/cite><\/div><\/div><\/li><li><div class='dt-sc-testimonial type2'><div class=\"dt-sc-testimonial-quote\"><blockquote> <q>Je vous remercie l'\u00e9quipe PS PRO pour leur qualit\u00e9 d'accompagnement et de conseils !<\/q> <\/blockquote><\/div><div class=\"dt-sc-testimonial-author\"><span><img loading=\"lazy\" decoding=\"async\" width=\"312\" height=\"342\" src=\"http:\/\/www.pspro.fr\/wp-content\/uploads\/2024\/02\/severine.png\" class=\"attachment-full\" alt=\"\" title=\"severine\" srcset=\"http:\/\/www.pspro.fr\/wp-content\/uploads\/2024\/02\/severine.png 312w, http:\/\/www.pspro.fr\/wp-content\/uploads\/2024\/02\/severine-274x300.png 274w\" sizes=\"auto, (max-width: 312px) 100vw, 312px\" \/><\/span><cite>S\u00e9verine<small>Pr\u00e9sidente d'un club de Basket<\/small><\/cite><\/div><\/div><\/li><\/ul><div class=\"carousel-arrows\">\t<a href=\"#\" class=\"testimonial-prev\"> <\/a>\t<a href=\"#\" class=\"testimonial-next\"> <\/a><\/div><\/div><\/div><\/div><\/div><\/div><div class=\"vc_row-full-width vc_clearfix\"><\/div><div data-vc-full-width=\"true\" data-vc-full-width-init=\"false\" class=\"vc_row wpb_row vc_row-fluid dt-sc-skin-highlight dt-sc-dark-bg aligncenter vc_custom_1628683585754 vc_row-has-fill\"><div class=\"wpb_column vc_column_container vc_col-sm-12\"><div class=\"vc_column-inner\"><div class=\"wpb_wrapper\"><div class=\"vc_row wpb_row vc_inner vc_row-fluid\"><div class=\"wpb_column vc_column_container vc_col-sm-4\"><div class=\"vc_column-inner\"><div class=\"wpb_wrapper\"><div id=\"1550484877818-7ad74ce2-72c5\" class=\"dt-sc-empty-space\"><\/div><div class='dt-sc-icon-box type7'><div class=\"icon-wrapper\"><span class='fa fa-envelope'> <\/span><\/div><div class=\"icon-content\"><h4><a href='mailto:contact@pspro.fr' title='Nous \u00e9crire' target='_self'>E-Mail<\/a><\/h4><p>contact@pspro.fr<\/p>\n<p><a href=\"mailto:contact@pspro.fr\" target=\"_blank\" rel=\"noopener\">Nous \u00e9crire<\/a><\/p><\/div><\/div><div id=\"1550484894046-5be65489-c445\" class=\"dt-sc-empty-space\"><\/div><\/div><\/div><\/div><div class=\"wpb_column vc_column_container vc_col-sm-4\"><div class=\"vc_column-inner\"><div class=\"wpb_wrapper\"><div id=\"1550484879454-fa2d934e-cd27\" class=\"dt-sc-empty-space\"><\/div><div class='dt-sc-icon-box type7'><div class=\"icon-wrapper\"><span class='icon icon-headset'> <\/span><\/div><div class=\"icon-content\"><h4><a href='#' title='Know More' target='_self'>T\u00e9l\u00e9phone<\/a><\/h4><p>01 44 83 85 56<\/p>\n<p><a href=\"tel:0144838556\">Nous joindre<\/a><\/p><\/div><\/div><div id=\"1550484896659-7dffc587-8794\" class=\"dt-sc-empty-space\"><\/div><\/div><\/div><\/div><div class=\"wpb_column vc_column_container vc_col-sm-4\"><div class=\"vc_column-inner\"><div class=\"wpb_wrapper\"><div id=\"1550476431768-6212e395-67dc\" class=\"dt-sc-empty-space\"><\/div><div class='dt-sc-icon-box type7'><div class=\"icon-wrapper\"><span class='icon icon-house'> <\/span><\/div><div class=\"icon-content\"><h4><a href='#' title='Know More' target='_self'>PARIS 9\u00e8me<\/a><\/h4><p>3-5, rue Saint Georges \u2013 CS 33132<\/p>\n<p><a href=\"https:\/\/maps.app.goo.gl\/ZBeEqNJbFieTAWur9\" target=\"_blank\" rel=\"noopener\">Venir nous voir<\/a><\/p><\/div><\/div><div id=\"1550484722059-eef690c8-e9b3\" class=\"dt-sc-empty-space\"><\/div><\/div><\/div><\/div><\/div><div id=\"1550725977700-3710c9f9-1116\" class=\"dt-sc-empty-space\"><\/div><div class='dt-sc-title border-title aligncenter'><h3>Contactez-nous<\/h3><\/div><div id=\"1549519038374-1b3eb34a-699c\" class=\"dt-sc-empty-space\"><\/div>\n<div class=\"wpcf7 no-js\" id=\"wpcf7-f5972-o1\" lang=\"en-US\" dir=\"ltr\" data-wpcf7-id=\"5972\">\n<div class=\"screen-reader-response\"><p role=\"status\" aria-live=\"polite\" aria-atomic=\"true\"><\/p> <ul><\/ul><\/div>\n<form action=\"\/en\/wp-json\/wp\/v2\/pages\/21#wpcf7-f5972-o1\" method=\"post\" class=\"wpcf7-form init\" aria-label=\"Contact form\" novalidate=\"novalidate\" data-status=\"init\" data-trp-original-action=\"\/en\/wp-json\/wp\/v2\/pages\/21#wpcf7-f5972-o1\">\n<fieldset class=\"hidden-fields-container\"><input type=\"hidden\" name=\"_wpcf7\" value=\"5972\" \/><input type=\"hidden\" name=\"_wpcf7_version\" value=\"6.1.4\" \/><input type=\"hidden\" name=\"_wpcf7_locale\" value=\"en_US\" \/><input type=\"hidden\" name=\"_wpcf7_unit_tag\" value=\"wpcf7-f5972-o1\" \/><input type=\"hidden\" name=\"_wpcf7_container_post\" value=\"0\" \/><input type=\"hidden\" name=\"_wpcf7_posted_data_hash\" value=\"\" \/>\n<\/fieldset>\n<div class=\"demi\">\n\t<p><span class=\"wpcf7-form-control-wrap\" data-name=\"Nom\"><input size=\"40\" maxlength=\"400\" class=\"wpcf7-form-control wpcf7-text wpcf7-validates-as-required\" aria-required=\"true\" aria-invalid=\"false\" placeholder=\"Nom\" value=\"\" type=\"text\" name=\"Nom\" \/><\/span><br \/>\n<span class=\"wpcf7-form-control-wrap\" data-name=\"Prenom\"><input size=\"40\" maxlength=\"400\" class=\"wpcf7-form-control wpcf7-text wpcf7-validates-as-required\" aria-required=\"true\" aria-invalid=\"false\" placeholder=\"Pr\u00e9nom\" value=\"\" type=\"text\" name=\"Prenom\" \/><\/span>\n\t<\/p>\n<\/div>\n<div class=\"demi\">\n\t<p><span class=\"wpcf7-form-control-wrap\" data-name=\"Discipline\"><input size=\"40\" maxlength=\"400\" class=\"wpcf7-form-control wpcf7-text wpcf7-validates-as-required\" aria-required=\"true\" aria-invalid=\"false\" placeholder=\"Discipline\" value=\"\" type=\"text\" name=\"Discipline\" \/><\/span><br \/>\n<span class=\"wpcf7-form-control-wrap\" data-name=\"Club\"><input size=\"40\" maxlength=\"400\" class=\"wpcf7-form-control wpcf7-text wpcf7-validates-as-required\" aria-required=\"true\" aria-invalid=\"false\" placeholder=\"Club\" value=\"\" type=\"text\" name=\"Club\" \/><\/span>\n\t<\/p>\n<\/div>\n<div class=\"demi\">\n\t<p><span class=\"wpcf7-form-control-wrap\" data-name=\"Email\"><input size=\"40\" maxlength=\"400\" class=\"wpcf7-form-control wpcf7-email wpcf7-validates-as-required wpcf7-text wpcf7-validates-as-email\" aria-required=\"true\" aria-invalid=\"false\" placeholder=\"Email\" value=\"\" type=\"email\" name=\"Email\" \/><\/span><br \/>\n<span class=\"wpcf7-form-control-wrap\" data-name=\"Phone\"><input size=\"40\" maxlength=\"400\" class=\"wpcf7-form-control wpcf7-tel wpcf7-validates-as-required wpcf7-text wpcf7-validates-as-tel\" aria-required=\"true\" aria-invalid=\"false\" placeholder=\"T\u00e9l\u00e9phone\" value=\"\" type=\"tel\" name=\"Phone\" \/><\/span>\n\t<\/p>\n<\/div>\n<div class=\"entier\">\n\t<p><span class=\"wpcf7-form-control-wrap\" data-name=\"Message\"><textarea cols=\"40\" rows=\"10\" maxlength=\"2000\" class=\"wpcf7-form-control wpcf7-textarea\" aria-invalid=\"false\" placeholder=\"Message\" name=\"Message\"><\/textarea><\/span>\n\t<\/p>\n\t<p><input class=\"wpcf7-form-control wpcf7-submit has-spinner dt-sc-button bordered\" type=\"submit\" value=\"Envoyer formulaire\" \/>\n\t<\/p>\n<\/div><div class=\"wpcf7-response-output\" aria-hidden=\"true\"><\/div>\n<input type=\"hidden\" name=\"trp-form-language\" value=\"en\"\/><\/form>\n<\/div>\n<div id=\"1549521359821-22e79921-f8bb\" class=\"dt-sc-empty-space\"><\/div><\/div><\/div><\/div><\/div><div class=\"vc_row-full-width vc_clearfix\"><\/div>\n<\/div>","protected":false},"excerpt":{"rendered":"Multisports Multisports + d'infos Entraineurs Entraineurs + d'infos Basket Basket + d'infos Football Football + d'infos Handball Handball + d'infos Rugby Rugby + d'infos Sportifs professionnels Entraineurs ClubsPS PRO a [...]","protected":false},"author":1,"featured_media":0,"parent":0,"menu_order":0,"comment_status":"closed","ping_status":"closed","template":"","meta":{"footnotes":""},"class_list":["post-21","page","type-page","status-publish","hentry"],"_links":{"self":[{"href":"http:\/\/www.pspro.fr\/en\/wp-json\/wp\/v2\/pages\/21","targetHints":{"allow":["GET"]}}],"collection":[{"href":"http:\/\/www.pspro.fr\/en\/wp-json\/wp\/v2\/pages"}],"about":[{"href":"http:\/\/www.pspro.fr\/en\/wp-json\/wp\/v2\/types\/page"}],"author":[{"embeddable":true,"href":"http:\/\/www.pspro.fr\/en\/wp-json\/wp\/v2\/users\/1"}],"replies":[{"embeddable":true,"href":"http:\/\/www.pspro.fr\/en\/wp-json\/wp\/v2\/comments?post=21"}],"version-history":[{"count":30,"href":"http:\/\/www.pspro.fr\/en\/wp-json\/wp\/v2\/pages\/21\/revisions"}],"predecessor-version":[{"id":7011,"href":"http:\/\/www.pspro.fr\/en\/wp-json\/wp\/v2\/pages\/21\/revisions\/7011"}],"wp:attachment":[{"href":"http:\/\/www.pspro.fr\/en\/wp-json\/wp\/v2\/media?parent=21"}],"curies":[{"name":"wp","href":"https:\/\/api.w.org\/{rel}","templated":true}]}}