{"id":2405,"date":"2019-01-16T07:03:54","date_gmt":"2019-01-16T07:03:54","guid":{"rendered":"http:\/\/wedesignthemes.com\/themes\/fitness-zone\/?page_id=2405"},"modified":"2024-07-25T09:50:35","modified_gmt":"2024-07-25T07:50:35","slug":"lassociation","status":"publish","type":"page","link":"http:\/\/www.pspro.fr\/en\/lassociation\/","title":{"rendered":"L&rsquo;association"},"content":{"rendered":"<div class=\"wpb-content-wrapper\"><div class=\"vc_row wpb_row vc_row-fluid\"><div class=\"wpb_column vc_column_container vc_col-sm-12\"><div class=\"vc_column-inner\"><div class=\"wpb_wrapper\"><div id=\"1707161924974-3f443c51-403c\" class=\"dt-sc-empty-space\"><\/div>\n\t<div  class=\"wpb_single_image wpb_content_element vc_align_center wpb_content_element\">\n\t\t\n\t\t<figure class=\"wpb_wrapper vc_figure\">\n\t\t\t<div class=\"vc_single_image-wrapper   vc_box_border_grey\"><img loading=\"lazy\" decoding=\"async\" width=\"236\" height=\"90\" src=\"http:\/\/www.pspro.fr\/wp-content\/uploads\/2024\/02\/logo-pspro.png\" class=\"vc_single_image-img attachment-full\" alt=\"\" title=\"logo-pspro\" \/><\/div>\n\t\t<\/figure>\n\t<\/div>\n<div  class='dt-sc-callout-box type4  aligncenter' ><h2><span>Pr\u00e9sentation de l'association<\/span><\/h2><p><p style=\"font-weight: 400; text-align: center;\">Depuis le 1er juillet 2007, le chapitre 12 de la Convention Collective Nationale du Sport a d\u00e9fini une couverture minimale en Pr\u00e9voyance au profit des entra\u00eeneurs et sportifs professionnels. C\u2019est pourquoi\u00a0<strong>l\u2019association PS PRO a \u00e9t\u00e9 cr\u00e9\u00e9e en 2007<\/strong>\u00a0\u00e0 l\u2019initiative de diff\u00e9rentes organisations d\u2019employeurs.<\/p>\n<p style=\"font-weight: 400; text-align: center;\"><strong>Son but est de permettre \u00e0 ses adh\u00e9rents de souscrire des formules d\u2019assurances Pr\u00e9voyance.<\/strong>\u00a0Elle s\u2019adresse \u00e0 l\u2019ensemble des employeurs du sport en vue de mutualiser les conditions de souscription et de tarification d\u2019une offre pr\u00e9voyance d\u00e9di\u00e9e et propre \u00e0 chaque discipline.<\/p>\n<p style=\"font-weight: 400; text-align: center;\"><strong>Aujourd\u2019hui, nous accompagnons plus de 250 clubs adh\u00e9rents.<\/strong><\/p><\/p><\/div><div id=\"1549964095170-1758f380-5029\" class=\"dt-sc-empty-space\"><\/div><\/div><\/div><\/div><\/div><div class=\"vc_row wpb_row vc_row-fluid\"><div class=\"wpb_column vc_column_container vc_col-sm-6\"><div class=\"vc_column-inner\"><div class=\"wpb_wrapper\"><div id=\"1707163429993-9e84acec-8cf5\" class=\"dt-sc-empty-space\"><\/div>\n\t<div class=\"wpb_text_column wpb_content_element\" >\n\t\t<div class=\"wpb_wrapper\">\n\t\t\t<ul style=\"font-weight: 400;\">\n<li><strong>L'offre AXA :<\/strong><br \/>\nL\u2019offre pr\u00e9voyance a \u00e9t\u00e9 organis\u00e9e en r\u00e9gimes progressifs pr\u00e9\u00e9tablis, permettant d\u2019apporter \u00e0 toutes les structures employant des sportifs professionnels, une palette de r\u00e9ponses susceptibles de r\u00e9pondre \u00e0 l\u2019\u00e9ventail de vos besoins, et permettant la couverture de vos sportifs professionnels et de vos entraineurs.<\/li>\n<\/ul>\n\n\t\t<\/div>\n\t<\/div>\n\n\t<div  class=\"wpb_single_image wpb_content_element vc_align_center wpb_content_element\">\n\t\t\n\t\t<figure class=\"wpb_wrapper vc_figure\">\n\t\t\t<div class=\"vc_single_image-wrapper   vc_box_border_grey\"><img loading=\"lazy\" decoding=\"async\" width=\"640\" height=\"426\" src=\"http:\/\/www.pspro.fr\/wp-content\/uploads\/2024\/02\/coach.jpg\" class=\"vc_single_image-img attachment-full\" alt=\"\" title=\"coach\" srcset=\"http:\/\/www.pspro.fr\/wp-content\/uploads\/2024\/02\/coach.jpg 640w, http:\/\/www.pspro.fr\/wp-content\/uploads\/2024\/02\/coach-300x200.jpg 300w, http:\/\/www.pspro.fr\/wp-content\/uploads\/2024\/02\/coach-500x333.jpg 500w\" sizes=\"auto, (max-width: 640px) 100vw, 640px\" \/><\/div>\n\t\t<\/figure>\n\t<\/div>\n<\/div><\/div><\/div><div class=\"wpb_column vc_column_container vc_col-sm-6\"><div class=\"vc_column-inner\"><div class=\"wpb_wrapper\"><div id=\"1549973599686-8e0835a7-3acb\" class=\"dt-sc-empty-space\"><\/div><div class='dt-sc-toggle-frame-set type2'><div class=\"dt-sc-toggle-frame\">\t<h5 class='dt-sc-toggle-accordion'><a href='#'>Multi Disciplines<\/a><\/h5>\t<div class=\"dt-sc-toggle-content\" style=\"display: none;\">\t\t<div class=\"block\"><div class=\"wpb_text_column wpb_content_element\" >\n\t\t<div class=\"wpb_wrapper\">\n\t\t\t<p>Cette offre vous permet de r\u00e9pondre \u00e0 vos obligations conventionnelles de pr\u00e9voyance pour les sportifs professionnels (chapitre XII).\u00a0Le r\u00e9gime de base r\u00e9pond strictement aux obligations de la Convention Collective Nationale du Sport.\u00a0Le r\u00e9gime compl\u00e9ment 1 vous permet d\u2019ajouter une garantie en cas d\u2019incapacit\u00e9 de travail.\u00a0Le r\u00e9gime compl\u00e9ment 2 vous permet d\u2019ajouter une garantie incapacit\u00e9 de travail et rente \u00e9ducation.<\/p>\n<p>Pour en savoir plus \u00a0<a href=\"http:\/\/www.pspro.fr\/en\/dt_activities\/multi-disciplines\/\" target=\"_blank\" rel=\"noopener\">cliquez-ici<\/a><\/p>\n\n\t\t<\/div>\n\t<\/div>\t\t<\/div>\t<\/div><\/div><div class=\"dt-sc-toggle-frame\">\t<h5 class='dt-sc-toggle-accordion'><a href='#'>Entraineurs cadres<\/a><\/h5>\t<div class=\"dt-sc-toggle-content\" style=\"display: none;\">\t\t<div class=\"block\"><div class=\"wpb_text_column wpb_content_element\" >\n\t\t<div class=\"wpb_wrapper\">\n\t\t\t<p>Cette offre vous permet r\u00e9pondre \u00e0 l\u2019obligation conventionnelle li\u00e9e \u00e0 la Convention Collective des Cadres de 1947 au titre de la cotisation minimum de 1,50% TA.<\/p>\n<p>Pour en savoir plus\u00a0<a href=\"http:\/\/www.pspro.fr\/en\/dt_activities\/entraineurs-cadres\/\" target=\"_blank\" rel=\"noopener\">cliquez-ici<\/a><\/p>\n\n\t\t<\/div>\n\t<\/div>\t\t<\/div>\t<\/div><\/div><div class=\"dt-sc-toggle-frame\">\t<h5 class='dt-sc-toggle-accordion'><a href='#'>Basket PRO A \/ PRO B<\/a><\/h5>\t<div class=\"dt-sc-toggle-content\" style=\"display: none;\">\t\t<div class=\"block\"><div class=\"wpb_text_column wpb_content_element\" >\n\t\t<div class=\"wpb_wrapper\">\n\t\t\t<p>Cette offre vous permet de r\u00e9pondre aux obligations conventionnelles de pr\u00e9voyance propres au basket professionnel.\u00a0Elle inclut notamment les garanties d\u00e9c\u00e8s, rente \u00e9ducation, incapacit\u00e9 de travail et perte de licence.<\/p>\n<p>Pour en savoir plus\u00a0<a href=\"http:\/\/www.pspro.fr\/en\/dt_activities\/basket\/\">cliquez-ici<\/a><\/p>\n\n\t\t<\/div>\n\t<\/div>\t\t<\/div>\t<\/div><\/div><div class=\"dt-sc-toggle-frame\">\t<h5 class='dt-sc-toggle-accordion'><a href='#'>Football Professionnel L1 \/ L2<\/a><\/h5>\t<div class=\"dt-sc-toggle-content\" style=\"display: none;\">\t\t<div class=\"block\"><div class=\"wpb_text_column wpb_content_element\" >\n\t\t<div class=\"wpb_wrapper\">\n\t\t\t<p>Cette offre vous permet de r\u00e9pondre \u00e0 vos obligations conventionnelles de pr\u00e9voyance pour les joueurs et entra\u00eeneurs professionnels (pour les joueurs en Formation, choisir l\u2019offre multi disciplines).\u00a0Le r\u00e9gime de base r\u00e9pond strictement \u00e0 vos obligations li\u00e9es au r\u00e9gime particulier de la LNF (Ligue Nationale de Football) appliqu\u00e9 aux footballeurs pro.\u00a0Le r\u00e9gime compl\u00e9ment 1 vous permet d\u2019ajouter une garantie en cas d\u2019incapacit\u00e9 de travail.\u00a0Le r\u00e9gime compl\u00e9ment 2 vous permet d\u2019ajouter une garantie incapacit\u00e9 de travail et rente \u00e9ducation.<\/p>\n<p>Pour en savoir plus\u00a0<a href=\"http:\/\/www.pspro.fr\/en\/dt_activities\/football-professionnel-l1-l2\/\" target=\"_blank\" rel=\"noopener\">cliquez-ici<\/a><\/p>\n\n\t\t<\/div>\n\t<\/div>\t\t<\/div>\t<\/div><\/div><div class=\"dt-sc-toggle-frame\">\t<h5 class='dt-sc-toggle-accordion'><a href='#'>Handball Masculin 1\u00e8re Division<\/a><\/h5>\t<div class=\"dt-sc-toggle-content\" style=\"display: none;\">\t\t<div class=\"block\"><div class=\"wpb_text_column wpb_content_element\" >\n\t\t<div class=\"wpb_wrapper\">\n\t\t\t<p>Cette offre unique inclut en plus de la garantie d\u00e9c\u00e8s les garanties suivantes conformes au r\u00e8glement de la LNH (Ligue Nationale de Handball) :\u00a0Incapacit\u00e9 de travail,\u00a0Invalidit\u00e9 permanente.<\/p>\n<p>Pour en savoir plus\u00a0<a href=\"http:\/\/www.pspro.fr\/en\/dt_activities\/handball-masculin-1ere-division\/\" target=\"_blank\" rel=\"noopener\">cliquez-ici<\/a><\/p>\n\n\t\t<\/div>\n\t<\/div>\t\t<\/div>\t<\/div><\/div><div class=\"dt-sc-toggle-frame\">\t<h5 class='dt-sc-toggle-accordion'><a href='#'>Rugby F\u00e9d\u00e9rale Masculin 1<\/a><\/h5>\t<div class=\"dt-sc-toggle-content\" style=\"display: none;\">\t\t<div class=\"block\"><div class=\"wpb_text_column wpb_content_element\" >\n\t\t<div class=\"wpb_wrapper\">\n\t\t\t<p>Cette offre vous permet de r\u00e9pondre aux obligations conventionnelles de pr\u00e9voyance propres au Rugby F\u00e9d\u00e9ral. Elle inclut notamment les garanties d\u00e9c\u00e8s, incapacit\u00e9 de travail et perte de licence.<\/p>\n<p>Pour en savoir plus\u00a0<a href=\"http:\/\/www.pspro.fr\/en\/dt_activities\/rugby-federale-1\/\" target=\"_blank\" rel=\"noopener\">cliquez-ici<\/a><\/p>\n\n\t\t<\/div>\n\t<\/div>\t\t<\/div>\t<\/div><\/div><\/div><\/div><\/div><\/div><\/div><div class=\"vc_row wpb_row vc_row-fluid\"><div class=\"wpb_column vc_column_container vc_col-sm-12\"><div class=\"vc_column-inner\"><div class=\"wpb_wrapper\"><div id=\"1707163422928-241083e7-aa3f\" class=\"dt-sc-empty-space\"><\/div><div class='dt-sc-title mz-stripe-title'><div class='mz-stripe-title-content'><h2>Vos obligations <span>A savoir<\/span><\/h2><\/div><\/div><\/div><\/div><\/div><\/div><div class=\"vc_row wpb_row vc_row-fluid\"><div class=\"wpb_column vc_column_container vc_col-sm-12\"><div class=\"vc_column-inner\"><div class=\"wpb_wrapper\"><div class='dt-sc-tabs-horizontal-frame-container' data-effect='fade'><ul class='dt-sc-tabs-horizontal-frame'><li><a href=\"javascript:void(0);\">1er Niveau<\/a><\/li><li><a href=\"javascript:void(0);\">2\u00e8me Niveau<\/a><\/li><li><a href=\"javascript:void(0);\">3\u00e8me Niveau<\/a><\/li><\/ul><div class='dt-sc-tabs-horizontal-frame-content'><div id=\"1707137662486-ae4fec68-f63a\" class=\"dt-sc-empty-space\"><\/div><div class=\"vc_row wpb_row vc_inner vc_row-fluid vc_row-o-equal-height vc_row-o-content-middle vc_row-flex\"><div class=\"wpb_column vc_column_container vc_col-sm-8\"><div class=\"vc_column-inner\"><div class=\"wpb_wrapper\"><h2 style=\"font-size: 30px;text-align: left;font-family:Raleway;font-weight:300;font-style:normal\" class=\"vc_custom_heading\"><strong>Convention Collective Nationale du Sport<\/strong><\/h2>\n\t<div class=\"wpb_text_column wpb_content_element\" >\n\t\t<div class=\"wpb_wrapper\">\n\t\t\t<div>\n<p style=\"font-weight: 400;\">Couverture minimale en Pr\u00e9voyance au profit des entra\u00eeneurs et sportifs professionnels<\/p>\n<\/div>\n<div><i>En cas de sinistre, le non-respect de l\u2019obligation d\u2019assurance pourrait conduire le club \u00e0 indemniser le sportif professionnel salari\u00e9 ou l\u2019entra\u00eeneur salari\u00e9.<\/i><\/div>\n\n\t\t<\/div>\n\t<\/div>\n<\/div><\/div><\/div><div class=\"wpb_column vc_column_container vc_col-sm-4\"><div class=\"vc_column-inner\"><div class=\"wpb_wrapper\">\n\t<div  class=\"wpb_single_image wpb_content_element vc_align_center wpb_content_element\">\n\t\t\n\t\t<figure class=\"wpb_wrapper vc_figure\">\n\t\t\t<div class=\"vc_single_image-wrapper   vc_box_border_grey\"><img loading=\"lazy\" decoding=\"async\" width=\"640\" height=\"510\" src=\"http:\/\/www.pspro.fr\/wp-content\/uploads\/2024\/02\/accueil-pspro-01-1.jpg\" class=\"vc_single_image-img attachment-full\" alt=\"\" title=\"accueil-pspro-01\" srcset=\"http:\/\/www.pspro.fr\/wp-content\/uploads\/2024\/02\/accueil-pspro-01-1.jpg 640w, http:\/\/www.pspro.fr\/wp-content\/uploads\/2024\/02\/accueil-pspro-01-1-300x240.jpg 300w, http:\/\/www.pspro.fr\/wp-content\/uploads\/2024\/02\/accueil-pspro-01-1-500x398.jpg 500w\" sizes=\"auto, (max-width: 640px) 100vw, 640px\" \/><\/div>\n\t\t<\/figure>\n\t<\/div>\n<\/div><\/div><\/div><\/div><\/div><div class='dt-sc-tabs-horizontal-frame-content'><div id=\"1549973984029-05180913-1f95\" class=\"dt-sc-empty-space\"><\/div><div class=\"vc_row wpb_row vc_inner vc_row-fluid vc_row-o-equal-height vc_row-o-content-middle vc_row-flex\"><div class=\"wpb_column vc_column_container vc_col-sm-8\"><div class=\"vc_column-inner\"><div class=\"wpb_wrapper\"><h2 style=\"font-size: 30px;text-align: left;font-family:Raleway;font-weight:300;font-style:normal\" class=\"vc_custom_heading\"><strong>Convention Collective par discipline <\/strong><\/h2>\n\t<div class=\"wpb_text_column wpb_content_element\" >\n\t\t<div class=\"wpb_wrapper\">\n\t\t\t<div>\n<p style=\"font-weight: 400;\">(Lorsqu'il en existe une)<\/p>\n<\/div>\n<div><i>En cas de sinistre, le non-respect de l\u2019obligation d\u2019assurance pourrait conduire le club \u00e0 indemniser le sportif professionnel salari\u00e9 ou l\u2019entra\u00eeneur salari\u00e9.<\/i><\/div>\n\n\t\t<\/div>\n\t<\/div>\n<\/div><\/div><\/div><div class=\"wpb_column vc_column_container vc_col-sm-4\"><div class=\"vc_column-inner\"><div class=\"wpb_wrapper\">\n\t<div  class=\"wpb_single_image wpb_content_element vc_align_center wpb_content_element\">\n\t\t\n\t\t<figure class=\"wpb_wrapper vc_figure\">\n\t\t\t<div class=\"vc_single_image-wrapper   vc_box_border_grey\"><img loading=\"lazy\" decoding=\"async\" width=\"640\" height=\"510\" src=\"http:\/\/www.pspro.fr\/wp-content\/uploads\/2024\/02\/accueil-pspro-01-1.jpg\" class=\"vc_single_image-img attachment-full\" alt=\"\" title=\"accueil-pspro-01\" srcset=\"http:\/\/www.pspro.fr\/wp-content\/uploads\/2024\/02\/accueil-pspro-01-1.jpg 640w, http:\/\/www.pspro.fr\/wp-content\/uploads\/2024\/02\/accueil-pspro-01-1-300x240.jpg 300w, http:\/\/www.pspro.fr\/wp-content\/uploads\/2024\/02\/accueil-pspro-01-1-500x398.jpg 500w\" sizes=\"auto, (max-width: 640px) 100vw, 640px\" \/><\/div>\n\t\t<\/figure>\n\t<\/div>\n<\/div><\/div><\/div><\/div><\/div><div class='dt-sc-tabs-horizontal-frame-content'><div id=\"1707137373164-46798161-eae8\" class=\"dt-sc-empty-space\"><\/div><div class=\"vc_row wpb_row vc_inner vc_row-fluid vc_row-o-equal-height vc_row-o-content-middle vc_row-flex\"><div class=\"wpb_column vc_column_container vc_col-sm-8\"><div class=\"vc_column-inner\"><div class=\"wpb_wrapper\"><h2 style=\"font-size: 30px;text-align: left;font-family:Raleway;font-weight:300;font-style:normal\" class=\"vc_custom_heading\"><strong>Convention Collective Nationale des Cadres de 1947 :<\/strong><\/h2>\n\t<div class=\"wpb_text_column wpb_content_element\" >\n\t\t<div class=\"wpb_wrapper\">\n\t\t\t<ul style=\"font-weight: 400;\">\n<li style=\"list-style-type: none;\">\n<ul>\n<li><strong><span style=\"letter-spacing: 0px;\">Pour les entra\u00eeneurs cadres<\/span><\/strong><br \/>\n<em style=\"font-weight: 400;\">En cas de sinistre, le non-respect de l\u2019obligation d\u2019assurance pourrait conduire le club \u00e0 indemniser le sportif professionnel salari\u00e9 ou l\u2019entra\u00eeneur salari\u00e9.<\/em><\/li>\n<\/ul>\n<\/li>\n<\/ul>\n\n\t\t<\/div>\n\t<\/div>\n<\/div><\/div><\/div><div class=\"wpb_column vc_column_container vc_col-sm-4\"><div class=\"vc_column-inner\"><div class=\"wpb_wrapper\">\n\t<div  class=\"wpb_single_image wpb_content_element vc_align_center wpb_content_element\">\n\t\t\n\t\t<figure class=\"wpb_wrapper vc_figure\">\n\t\t\t<div class=\"vc_single_image-wrapper   vc_box_border_grey\"><img loading=\"lazy\" decoding=\"async\" width=\"640\" height=\"510\" src=\"http:\/\/www.pspro.fr\/wp-content\/uploads\/2024\/02\/accueil-pspro-01-1.jpg\" class=\"vc_single_image-img attachment-full\" alt=\"\" title=\"accueil-pspro-01\" srcset=\"http:\/\/www.pspro.fr\/wp-content\/uploads\/2024\/02\/accueil-pspro-01-1.jpg 640w, http:\/\/www.pspro.fr\/wp-content\/uploads\/2024\/02\/accueil-pspro-01-1-300x240.jpg 300w, http:\/\/www.pspro.fr\/wp-content\/uploads\/2024\/02\/accueil-pspro-01-1-500x398.jpg 500w\" sizes=\"auto, (max-width: 640px) 100vw, 640px\" \/><\/div>\n\t\t<\/figure>\n\t<\/div>\n<\/div><\/div><\/div><\/div><\/div><\/div><div id=\"1550037140763-594d5f5e-21b3\" class=\"dt-sc-empty-space\"><\/div><\/div><\/div><\/div><\/div>\n<\/div>","protected":false},"excerpt":{"rendered":"Pr\u00e9sentation de l'associationDepuis le 1er juillet 2007, le chapitre 12 de la Convention Collective Nationale du Sport a d\u00e9fini une couverture minimale en Pr\u00e9voyance au profit des entra\u00eeneurs et sportifs [...]","protected":false},"author":1,"featured_media":0,"parent":0,"menu_order":0,"comment_status":"open","ping_status":"closed","template":"","meta":{"footnotes":""},"class_list":["post-2405","page","type-page","status-publish","hentry"],"_links":{"self":[{"href":"http:\/\/www.pspro.fr\/en\/wp-json\/wp\/v2\/pages\/2405","targetHints":{"allow":["GET"]}}],"collection":[{"href":"http:\/\/www.pspro.fr\/en\/wp-json\/wp\/v2\/pages"}],"about":[{"href":"http:\/\/www.pspro.fr\/en\/wp-json\/wp\/v2\/types\/page"}],"author":[{"embeddable":true,"href":"http:\/\/www.pspro.fr\/en\/wp-json\/wp\/v2\/users\/1"}],"replies":[{"embeddable":true,"href":"http:\/\/www.pspro.fr\/en\/wp-json\/wp\/v2\/comments?post=2405"}],"version-history":[{"count":18,"href":"http:\/\/www.pspro.fr\/en\/wp-json\/wp\/v2\/pages\/2405\/revisions"}],"predecessor-version":[{"id":6920,"href":"http:\/\/www.pspro.fr\/en\/wp-json\/wp\/v2\/pages\/2405\/revisions\/6920"}],"wp:attachment":[{"href":"http:\/\/www.pspro.fr\/en\/wp-json\/wp\/v2\/media?parent=2405"}],"curies":[{"name":"wp","href":"https:\/\/api.w.org\/{rel}","templated":true}]}}