{"id":4045,"date":"2019-01-02T07:58:23","date_gmt":"2019-01-02T07:58:23","guid":{"rendered":"http:\/\/www.pspro.fr\/?page_id=4045"},"modified":"2026-01-07T17:13:13","modified_gmt":"2026-01-07T16:13:13","slug":"contact","status":"publish","type":"page","link":"http:\/\/www.pspro.fr\/en\/contact\/","title":{"rendered":"Contact"},"content":{"rendered":"<div class=\"wpb-content-wrapper\"><div data-vc-full-width=\"true\" data-vc-full-width-init=\"false\" class=\"vc_row wpb_row vc_row-fluid dt-sc-skin-highlight dt-sc-dark-bg aligncenter vc_custom_1628683585754 vc_row-has-fill\"><div class=\"wpb_column vc_column_container vc_col-sm-12\"><div class=\"vc_column-inner\"><div class=\"wpb_wrapper\"><div id=\"1550725977700-3710c9f9-1116\" class=\"dt-sc-empty-space\"><\/div><div class='dt-sc-title border-title aligncenter'><h3>Contactez-nous<\/h3><\/div><div id=\"1549519038374-1b3eb34a-699c\" class=\"dt-sc-empty-space\"><\/div>\n\t<div class=\"wpb_raw_code wpb_raw_html wpb_content_element\" >\n\t\t<div class=\"wpb_wrapper\">\n\t\t\t<div class=\"frm_forms  with_frm_style frm_style_style-formidable\" id=\"frm_form_1_container\" >\n<form enctype=\"multipart\/form-data\" method=\"post\" class=\"frm-show-form\" id=\"form_contact-form\" action=\"\" >\n<div class=\"frm_form_fields\">\n<fieldset>\n<legend class=\"frm_screen_reader\">Contact PS Pro<\/legend>\r\n\r\n<div class=\"frm_fields_container\">\n<input type=\"hidden\" name=\"frm_action\" value=\"create\" \/>\n<input type=\"hidden\" name=\"form_id\" value=\"1\" \/>\n<input type=\"hidden\" name=\"frm_hide_fields_1\" id=\"frm_hide_fields_1\" value=\"\" \/>\n<input type=\"hidden\" name=\"form_key\" value=\"contact-form\" \/>\n<input type=\"hidden\" name=\"item_meta[0]\" value=\"\" \/>\n<input type=\"hidden\" id=\"frm_submit_entry_1\" name=\"frm_submit_entry_1\" value=\"7346c9234a\" \/><input type=\"hidden\" name=\"_wp_http_referer\" value=\"\/en\/wp-json\/wp\/v2\/pages\/4045\" \/><div id=\"frm_field_1_container\" class=\"frm_form_field form-field  frm_required_field frm_inside_container frm_first frm_half\">\r\n\t<label for=\"field_qh4icy\" id=\"field_qh4icy_label\" class=\"frm_primary_label\">Nom\r\n\t\t<span class=\"frm_required\" aria-hidden=\"true\">*<\/span>\r\n\t<\/label>\r\n\t<input type=\"text\" id=\"field_qh4icy\" name=\"item_meta[1]\" value=\"\"  data-reqmsg=\"Nom ne peut pas \u00eatre vide.\" aria-required=\"true\" data-invmsg=\"Nom est non valide\" aria-invalid=\"false\"  \/>\r\n\t\r\n\t\r\n<\/div>\n<div id=\"frm_field_2_container\" class=\"frm_form_field form-field  frm_required_field frm_inside_container frm_half\">\r\n\t<label for=\"field_ocfup1\" id=\"field_ocfup1_label\" class=\"frm_primary_label\">Pr\u00e9nom\r\n\t\t<span class=\"frm_required\" aria-hidden=\"true\">*<\/span>\r\n\t<\/label>\r\n\t<input type=\"text\" id=\"field_ocfup1\" name=\"item_meta[2]\" value=\"\"  data-reqmsg=\"Pr\u00e9nom ne peut pas \u00eatre vide.\" aria-required=\"true\" data-invmsg=\"Pr\u00e9nom est non valide\" aria-invalid=\"false\"  \/>\r\n\t\r\n\t\r\n<\/div>\n<div id=\"frm_field_10_container\" class=\"frm_form_field form-field  frm_required_field frm_inside_container frm6 frm_first\">\r\n\t<label for=\"field_jxton\" id=\"field_jxton_label\" class=\"frm_primary_label\">Discipline\r\n\t\t<span class=\"frm_required\" aria-hidden=\"true\">*<\/span>\r\n\t<\/label>\r\n\t<input type=\"text\" id=\"field_jxton\" name=\"item_meta[10]\" value=\"\"  data-reqmsg=\"Discipline ne peut pas \u00eatre vide.\" aria-required=\"true\" data-invmsg=\"Discipline est non valide\" aria-invalid=\"false\"  \/>\r\n\t\r\n\t\r\n<\/div>\n<div id=\"frm_field_9_container\" class=\"frm_form_field form-field  frm_required_field frm_inside_container frm6\">\r\n\t<label for=\"field_ozbo0\" id=\"field_ozbo0_label\" class=\"frm_primary_label\">Club\r\n\t\t<span class=\"frm_required\" aria-hidden=\"true\">*<\/span>\r\n\t<\/label>\r\n\t<input type=\"text\" id=\"field_ozbo0\" name=\"item_meta[9]\" value=\"\"  data-reqmsg=\"Club ne peut pas \u00eatre vide.\" aria-required=\"true\" data-invmsg=\"Club est non valide\" aria-invalid=\"false\"  \/>\r\n\t\r\n\t\r\n<\/div>\n<div id=\"frm_field_8_container\" class=\"frm_form_field form-field  frm_required_field frm_inside_container frm6 frm_first\">\r\n\t<label for=\"field_50fls\" id=\"field_50fls_label\" class=\"frm_primary_label\">T\u00e9l\u00e9phone\r\n\t\t<span class=\"frm_required\" aria-hidden=\"true\">*<\/span>\r\n\t<\/label>\r\n\t<input type=\"tel\" id=\"field_50fls\" name=\"item_meta[8]\" value=\"\"  data-reqmsg=\"T\u00e9l\u00e9phone ne peut pas \u00eatre vide.\" aria-required=\"true\" data-invmsg=\"T\u00e9l\u00e9phone est non valide\" aria-invalid=\"false\" pattern=\"((\\+\\d{1,3}(-|.| )?\\(?\\d\\)?(-| |.)?\\d{1,5})|(\\(?\\d{2,6}\\)?))(-|.| )?(\\d{3,4})(-|.| )?(\\d{4})(( x| ext)\\d{1,5}){0,1}$\"  \/>\r\n\t\r\n\t\r\n<\/div>\n<div id=\"frm_field_3_container\" class=\"frm_form_field form-field  frm_required_field frm_inside_container frm6\">\r\n\t<label for=\"field_29yf4d\" id=\"field_29yf4d_label\" class=\"frm_primary_label\">Email\r\n\t\t<span class=\"frm_required\" aria-hidden=\"true\">*<\/span>\r\n\t<\/label>\r\n\t<input type=\"email\" id=\"field_29yf4d\" name=\"item_meta[3]\" value=\"\"  data-reqmsg=\"Email ne peut pas \u00eatre vide.\" aria-required=\"true\" data-invmsg=\"Please enter a valid email address\" aria-invalid=\"false\"  \/>\r\n\t\r\n\t\r\n<\/div>\n<div id=\"frm_field_5_container\" class=\"frm_form_field form-field  frm_required_field frm_inside_container frm_full\">\r\n\t<label for=\"field_9jv0r1\" id=\"field_9jv0r1_label\" class=\"frm_primary_label\">Message\r\n\t\t<span class=\"frm_required\" aria-hidden=\"true\">*<\/span>\r\n\t<\/label>\r\n\t<textarea name=\"item_meta[5]\" id=\"field_9jv0r1\" rows=\"5\"  data-reqmsg=\"Message ne peut pas \u00eatre vide.\" aria-required=\"true\" data-invmsg=\"Message is invalid\" aria-invalid=\"false\"  ><\/textarea>\r\n\t\r\n\t\r\n<\/div>\n<div id=\"frm_field_6_container\" class=\"frm_form_field form-field\">\r\n\t<div class=\"frm_submit frm_flex\">\r\n<button class=\"frm_button_submit\" type=\"submit\"  >Envoyer<\/button>\r\n\r\n\r\n\r\n<\/div>\r\n<\/div>\n\t<input type=\"hidden\" name=\"item_key\" value=\"\" \/>\n\t\t\t<div id=\"frm_field_11_container\">\n\t\t\t<label for=\"field_1xrkl\" >\n\t\t\t\tIf you are human, leave this field blank.\t\t\t<\/label>\n\t\t\t<input  id=\"field_1xrkl\" type=\"text\" class=\"frm_form_field form-field frm_verify\" name=\"item_meta[11]\" value=\"\"  \/>\n\t\t<\/div>\n\t\t<input name=\"frm_state\" type=\"hidden\" value=\"Xdxx4xVxxIm4o0FduKYldgAVL3GMzuYSU7FBslYPix0=\" \/><\/div>\n<\/fieldset>\n<\/div>\n\n<input type=\"hidden\" name=\"trp-form-language\" value=\"en\"\/><\/form>\n<\/div>\n\n\t\t<\/div>\n\t<\/div>\n<div id=\"1549521359821-22e79921-f8bb\" class=\"dt-sc-empty-space\"><\/div><\/div><\/div><\/div><\/div><div class=\"vc_row-full-width vc_clearfix\"><\/div><div data-vc-full-width=\"true\" data-vc-full-width-init=\"false\" data-vc-stretch-content=\"true\" class=\"vc_row wpb_row vc_row-fluid vc_custom_1550725025028 vc_row-no-padding\"><div class=\"wpb_column vc_column_container vc_col-sm-12\"><div class=\"vc_column-inner\"><div class=\"wpb_wrapper\"><div id=\"1549519047994-1a0a1a6e-aaf8\" class=\"dt-sc-empty-space\"><\/div><div class=\"wpb_gmaps_widget wpb_content_element\"><div class=\"wpb_wrapper\"><div class=\"wpb_map_wraper\"><iframe src=\"https:\/\/www.google.com\/maps\/embed?pb=!1m18!1m12!1m3!1d2637.8044403569943!2d2.3369424999999997!3d48.874662199999996!2m3!1f0!2f0!3f0!3m2!1i1024!2i768!4f13.1!3m3!1m2!1s0x47e66e38e87a9429%3A0x4c112ac3bcb54b8a!2sDomino%20Care%20RH%20Paris%20Saint-Georges!5e1!3m2!1sfr!2sfr!4v1767802305723!5m2!1sfr!2sfr\" width=\"600\" height=\"450\" style=\"border:0;\" allowfullscreen=\"\" loading=\"lazy\" referrerpolicy=\"no-referrer-when-downgrade\"><\/iframe><\/div><\/div><\/div><div id=\"1551156385431-07f633c2-0062\" class=\"dt-sc-empty-space\"><\/div><\/div><\/div><\/div><\/div><div class=\"vc_row-full-width vc_clearfix\"><\/div><div class=\"vc_row wpb_row vc_row-fluid\"><div class=\"wpb_column vc_column_container vc_col-sm-4\"><div class=\"vc_column-inner\"><div class=\"wpb_wrapper\"><div class='dt-sc-title mz-stripe-title'><div class='mz-stripe-title-content'><h6>Notre Adresse <span><\/span><\/h6><\/div><\/div><div class='dt-sc-contact-info'><span class='fa fa-rocket'> <\/span>3-5, rue Saint Georges<\/p>\n<p>CS 33132 - 75009 PARIS<\/div><div id=\"1550725028637-9373fcc2-7e93\" class=\"dt-sc-empty-space\"><\/div><\/div><\/div><\/div><div class=\"wpb_column vc_column_container vc_col-sm-4\"><div class=\"vc_column-inner\"><div class=\"wpb_wrapper\"><div class='dt-sc-title mz-stripe-title'><div class='mz-stripe-title-content'><h6>Nos coordonn\u00e9es <span><\/span><\/h6><\/div><\/div><div class='dt-sc-contact-info'><span class='fa fa-envelope'> <\/span><a href=\"mailto:contact@pspro.fr\">contact@pspro.fr<\/a><\/div><div id=\"1549519051586-bbd907e1-6936\" class=\"dt-sc-empty-space\"><\/div><div class='dt-sc-contact-info'><span class='fa fa-phone'> <\/span><a href=\"tel:0148249972\">01 48 24 99 72\n<\/a><\/div><div id=\"1549521339961-43dfdf73-dc62\" class=\"dt-sc-empty-space\"><\/div><\/div><\/div><\/div><div class=\"wpb_column vc_column_container vc_col-sm-4\"><div class=\"vc_column-inner\"><div class=\"wpb_wrapper\"><div class='dt-sc-title mz-stripe-title'><div class='mz-stripe-title-content'><h6>Nos horaires d'ouverture <span><\/span><\/h6><\/div><\/div><div class='dt-working-hours'><ul><li>Du lundi au vendredi<span>09h00 - 17h00<\/span><\/li><\/ul><\/div><div id=\"1551156392834-ae863264-f593\" class=\"dt-sc-empty-space\"><\/div><\/div><\/div><\/div><\/div>\n<\/div>","protected":false},"excerpt":{"rendered":"Contactez-nous Contact PS Pro Nom * Pr\u00e9nom * Discipline * Club * T\u00e9l\u00e9phone * Email * Message * Envoyer If you are human, leave this field blank. Notre Adresse 3-5, [...]","protected":false},"author":1,"featured_media":0,"parent":0,"menu_order":0,"comment_status":"closed","ping_status":"closed","template":"","meta":{"footnotes":""},"class_list":["post-4045","page","type-page","status-publish","hentry"],"_links":{"self":[{"href":"http:\/\/www.pspro.fr\/en\/wp-json\/wp\/v2\/pages\/4045","targetHints":{"allow":["GET"]}}],"collection":[{"href":"http:\/\/www.pspro.fr\/en\/wp-json\/wp\/v2\/pages"}],"about":[{"href":"http:\/\/www.pspro.fr\/en\/wp-json\/wp\/v2\/types\/page"}],"author":[{"embeddable":true,"href":"http:\/\/www.pspro.fr\/en\/wp-json\/wp\/v2\/users\/1"}],"replies":[{"embeddable":true,"href":"http:\/\/www.pspro.fr\/en\/wp-json\/wp\/v2\/comments?post=4045"}],"version-history":[{"count":15,"href":"http:\/\/www.pspro.fr\/en\/wp-json\/wp\/v2\/pages\/4045\/revisions"}],"predecessor-version":[{"id":7012,"href":"http:\/\/www.pspro.fr\/en\/wp-json\/wp\/v2\/pages\/4045\/revisions\/7012"}],"wp:attachment":[{"href":"http:\/\/www.pspro.fr\/en\/wp-json\/wp\/v2\/media?parent=4045"}],"curies":[{"name":"wp","href":"https:\/\/api.w.org\/{rel}","templated":true}]}}