{"id":4591,"date":"2019-01-20T11:54:01","date_gmt":"2019-01-20T11:54:01","guid":{"rendered":"http:\/\/www.pspro.fr\/?page_id=4591"},"modified":"2024-02-13T09:38:25","modified_gmt":"2024-02-13T08:38:25","slug":"disciplines","status":"publish","type":"page","link":"http:\/\/www.pspro.fr\/en\/disciplines\/","title":{"rendered":"Disciplines"},"content":{"rendered":"<div class=\"wpb-content-wrapper\"><div class=\"vc_row wpb_row vc_row-fluid\"><div class=\"wpb_column vc_column_container vc_col-sm-12\"><div class=\"vc_column-inner\"><div class=\"wpb_wrapper\"><div class=\"dt-sc-activity-container\"><div class=\"activity column dt-sc-one-third disciplines\"><article id=\"post-5940\" class=\"activity-entry post-5940 dt_activities type-dt_activities status-publish has-post-thumbnail hentry activity_entries-disciplines\"><div class=\"dt-excersises\"><div class=\"dt-excersise-thumb\"><img loading=\"lazy\" decoding=\"async\" width=\"420\" height=\"287\" src=\"http:\/\/www.pspro.fr\/wp-content\/uploads\/2024\/02\/accueil-pspro-01-420x287.jpg\" class=\"attachment-whistle-gallery-iii-column size-whistle-gallery-iii-column wp-post-image\" alt=\"Multi Disciplines\" title=\"Multi Disciplines\" srcset=\"http:\/\/www.pspro.fr\/wp-content\/uploads\/2024\/02\/accueil-pspro-01-420x287.jpg 420w, http:\/\/www.pspro.fr\/wp-content\/uploads\/2024\/02\/accueil-pspro-01-590x402.jpg 590w, http:\/\/www.pspro.fr\/wp-content\/uploads\/2024\/02\/accueil-pspro-01-570x390.jpg 570w, http:\/\/www.pspro.fr\/wp-content\/uploads\/2024\/02\/accueil-pspro-01-448x306.jpg 448w, http:\/\/www.pspro.fr\/wp-content\/uploads\/2024\/02\/accueil-pspro-01-439x300.jpg 439w, http:\/\/www.pspro.fr\/wp-content\/uploads\/2024\/02\/accueil-pspro-01-441x301.jpg 441w\" sizes=\"auto, (max-width: 420px) 100vw, 420px\" \/><\/div><div class=\"dt-excersise-detail\"><div class=\"dt-excersise-title\"><h5><a href=\"http:\/\/www.pspro.fr\/en\/dt_activities\/multi-disciplines\/\">Multi Disciplines<\/a><\/h5><\/div><div class=\"dt-excersise-content\"><p>Cette offre vous permet de r\u00e9pondre \u00e0 vos obligations conventionnelles de pr\u00e9voyance pour les sportifs professionnels (chapitre XII).<\/p><h6>Categories:<\/h6><p class=\"dt-excersise-meta\"> <a href=\"http:\/\/www.pspro.fr\/en\/activity_entries\/disciplines\/\" rel=\"tag\">Disciplines<\/a> <\/p><a href=\"http:\/\/www.pspro.fr\/en\/dt_activities\/multi-disciplines\/\" class=\"dt-sc-button small bordered\">View Activity<\/a><\/div><\/div><\/div><\/article><\/div><div class=\"activity column dt-sc-one-third disciplines\"><article id=\"post-5942\" class=\"activity-entry post-5942 dt_activities type-dt_activities status-publish has-post-thumbnail hentry activity_entries-disciplines\"><div class=\"dt-excersises\"><div class=\"dt-excersise-thumb\"><img loading=\"lazy\" decoding=\"async\" width=\"420\" height=\"287\" src=\"http:\/\/www.pspro.fr\/wp-content\/uploads\/2024\/02\/coach-420x287.jpg\" class=\"attachment-whistle-gallery-iii-column size-whistle-gallery-iii-column wp-post-image\" alt=\"Entraineurs Cadres\" title=\"Entraineurs Cadres\" srcset=\"http:\/\/www.pspro.fr\/wp-content\/uploads\/2024\/02\/coach-420x287.jpg 420w, http:\/\/www.pspro.fr\/wp-content\/uploads\/2024\/02\/coach-590x402.jpg 590w, http:\/\/www.pspro.fr\/wp-content\/uploads\/2024\/02\/coach-570x390.jpg 570w, http:\/\/www.pspro.fr\/wp-content\/uploads\/2024\/02\/coach-448x306.jpg 448w, http:\/\/www.pspro.fr\/wp-content\/uploads\/2024\/02\/coach-439x300.jpg 439w, http:\/\/www.pspro.fr\/wp-content\/uploads\/2024\/02\/coach-441x301.jpg 441w\" sizes=\"auto, (max-width: 420px) 100vw, 420px\" \/><\/div><div class=\"dt-excersise-detail\"><div class=\"dt-excersise-title\"><h5><a href=\"http:\/\/www.pspro.fr\/en\/dt_activities\/entraineurs-cadres\/\">Entraineurs Cadres<\/a><\/h5><\/div><div class=\"dt-excersise-content\"><p>Cette offre vous permet de satisfaire \u00e0 votre obligation conventionnelle li\u00e9e \u00e0 la Convention Collective des Cadres de 1947.<\/p><h6>Categories:<\/h6><p class=\"dt-excersise-meta\"> <a href=\"http:\/\/www.pspro.fr\/en\/activity_entries\/disciplines\/\" rel=\"tag\">Disciplines<\/a> <\/p><a href=\"http:\/\/www.pspro.fr\/en\/dt_activities\/entraineurs-cadres\/\" class=\"dt-sc-button small bordered\">View Activity<\/a><\/div><\/div><\/div><\/article><\/div><div class=\"activity column dt-sc-one-third disciplines\"><article id=\"post-5941\" class=\"activity-entry post-5941 dt_activities type-dt_activities status-publish has-post-thumbnail hentry activity_entries-disciplines\"><div class=\"dt-excersises\"><div class=\"dt-excersise-thumb\"><img loading=\"lazy\" decoding=\"async\" width=\"420\" height=\"287\" src=\"http:\/\/www.pspro.fr\/wp-content\/uploads\/2024\/02\/Basket-pspro-420x287.jpg\" class=\"attachment-whistle-gallery-iii-column size-whistle-gallery-iii-column wp-post-image\" alt=\"Basket\" title=\"Basket\" srcset=\"http:\/\/www.pspro.fr\/wp-content\/uploads\/2024\/02\/Basket-pspro-420x287.jpg 420w, http:\/\/www.pspro.fr\/wp-content\/uploads\/2024\/02\/Basket-pspro-590x402.jpg 590w, http:\/\/www.pspro.fr\/wp-content\/uploads\/2024\/02\/Basket-pspro-570x390.jpg 570w, http:\/\/www.pspro.fr\/wp-content\/uploads\/2024\/02\/Basket-pspro-448x306.jpg 448w, http:\/\/www.pspro.fr\/wp-content\/uploads\/2024\/02\/Basket-pspro-439x300.jpg 439w, http:\/\/www.pspro.fr\/wp-content\/uploads\/2024\/02\/Basket-pspro-441x301.jpg 441w\" sizes=\"auto, (max-width: 420px) 100vw, 420px\" \/><\/div><div class=\"dt-excersise-detail\"><div class=\"dt-excersise-title\"><h5><a href=\"http:\/\/www.pspro.fr\/en\/dt_activities\/basket\/\">Basket<\/a><\/h5><\/div><div class=\"dt-excersise-content\"><p>Cette offre vous permet de r\u00e9pondre aux obligations conventionnelles de pr\u00e9voyance propres au basket professionnel.<\/p><h6>Categories:<\/h6><p class=\"dt-excersise-meta\"> <a href=\"http:\/\/www.pspro.fr\/en\/activity_entries\/disciplines\/\" rel=\"tag\">Disciplines<\/a> <\/p><a href=\"http:\/\/www.pspro.fr\/en\/dt_activities\/basket\/\" class=\"dt-sc-button small bordered\">View Activity<\/a><\/div><\/div><\/div><\/article><\/div><div class=\"activity column dt-sc-one-third disciplines\"><article id=\"post-5943\" class=\"activity-entry post-5943 dt_activities type-dt_activities status-publish has-post-thumbnail hentry activity_entries-disciplines\"><div class=\"dt-excersises\"><div class=\"dt-excersise-thumb\"><img loading=\"lazy\" decoding=\"async\" width=\"420\" height=\"287\" src=\"http:\/\/www.pspro.fr\/wp-content\/uploads\/2024\/02\/Football-pspro-420x287.jpg\" class=\"attachment-whistle-gallery-iii-column size-whistle-gallery-iii-column wp-post-image\" alt=\"Football\" title=\"Football\" srcset=\"http:\/\/www.pspro.fr\/wp-content\/uploads\/2024\/02\/Football-pspro-420x287.jpg 420w, http:\/\/www.pspro.fr\/wp-content\/uploads\/2024\/02\/Football-pspro-590x402.jpg 590w, http:\/\/www.pspro.fr\/wp-content\/uploads\/2024\/02\/Football-pspro-570x390.jpg 570w, http:\/\/www.pspro.fr\/wp-content\/uploads\/2024\/02\/Football-pspro-448x306.jpg 448w, http:\/\/www.pspro.fr\/wp-content\/uploads\/2024\/02\/Football-pspro-439x300.jpg 439w, http:\/\/www.pspro.fr\/wp-content\/uploads\/2024\/02\/Football-pspro-441x301.jpg 441w\" sizes=\"auto, (max-width: 420px) 100vw, 420px\" \/><\/div><div class=\"dt-excersise-detail\"><div class=\"dt-excersise-title\"><h5><a href=\"http:\/\/www.pspro.fr\/en\/dt_activities\/football-professionnel-l1-l2\/\">Football<\/a><\/h5><\/div><div class=\"dt-excersise-content\"><p>Cette offre permet de r\u00e9pondre \u00e0 vos obligations conventionnelles de pr\u00e9voyance pour les joueurs et entraineurs professionnels.<\/p><h6>Categories:<\/h6><p class=\"dt-excersise-meta\"> <a href=\"http:\/\/www.pspro.fr\/en\/activity_entries\/disciplines\/\" rel=\"tag\">Disciplines<\/a> <\/p><a href=\"http:\/\/www.pspro.fr\/en\/dt_activities\/football-professionnel-l1-l2\/\" class=\"dt-sc-button small bordered\">View Activity<\/a><\/div><\/div><\/div><\/article><\/div><div class=\"activity column dt-sc-one-third disciplines\"><article id=\"post-5944\" class=\"activity-entry post-5944 dt_activities type-dt_activities status-publish has-post-thumbnail hentry activity_entries-disciplines\"><div class=\"dt-excersises\"><div class=\"dt-excersise-thumb\"><img loading=\"lazy\" decoding=\"async\" width=\"420\" height=\"287\" src=\"http:\/\/www.pspro.fr\/wp-content\/uploads\/2024\/02\/Handball-pspro-420x287.jpg\" class=\"attachment-whistle-gallery-iii-column size-whistle-gallery-iii-column wp-post-image\" alt=\"Handball\" title=\"Handball\" srcset=\"http:\/\/www.pspro.fr\/wp-content\/uploads\/2024\/02\/Handball-pspro-420x287.jpg 420w, http:\/\/www.pspro.fr\/wp-content\/uploads\/2024\/02\/Handball-pspro-590x402.jpg 590w, http:\/\/www.pspro.fr\/wp-content\/uploads\/2024\/02\/Handball-pspro-570x390.jpg 570w, http:\/\/www.pspro.fr\/wp-content\/uploads\/2024\/02\/Handball-pspro-448x306.jpg 448w, http:\/\/www.pspro.fr\/wp-content\/uploads\/2024\/02\/Handball-pspro-439x300.jpg 439w, http:\/\/www.pspro.fr\/wp-content\/uploads\/2024\/02\/Handball-pspro-441x301.jpg 441w\" sizes=\"auto, (max-width: 420px) 100vw, 420px\" \/><\/div><div class=\"dt-excersise-detail\"><div class=\"dt-excersise-title\"><h5><a href=\"http:\/\/www.pspro.fr\/en\/dt_activities\/handball-masculin-1ere-division\/\">Handball<\/a><\/h5><p class=\"dt-excersise-meta\">Team Contribution<\/p><\/div><div class=\"dt-excersise-content\"><p>Cette offre inclut en plus de la garantie d\u00e9c\u00e8s les garanties suivantes conformes au r\u00e8glement de la LNH (Ligue Nationale de Handball).<\/p><h6>Categories:<\/h6><p class=\"dt-excersise-meta\"> <a href=\"http:\/\/www.pspro.fr\/en\/activity_entries\/disciplines\/\" rel=\"tag\">Disciplines<\/a> <\/p><h6>Activity Goal:<\/h6><p class=\"dt-excersise-meta\">Active, Tricks<\/p><a href=\"http:\/\/www.pspro.fr\/en\/dt_activities\/handball-masculin-1ere-division\/\" class=\"dt-sc-button small bordered\">View Activity<\/a><\/div><\/div><\/div><\/article><\/div><div class=\"activity column dt-sc-one-third disciplines\"><article id=\"post-5945\" class=\"activity-entry post-5945 dt_activities type-dt_activities status-publish has-post-thumbnail hentry activity_entries-disciplines\"><div class=\"dt-excersises\"><div class=\"dt-excersise-thumb\"><img loading=\"lazy\" decoding=\"async\" width=\"420\" height=\"287\" src=\"http:\/\/www.pspro.fr\/wp-content\/uploads\/2024\/02\/rugby-pspro-420x287.jpg\" class=\"attachment-whistle-gallery-iii-column size-whistle-gallery-iii-column wp-post-image\" alt=\"Rugby\" title=\"Rugby\" srcset=\"http:\/\/www.pspro.fr\/wp-content\/uploads\/2024\/02\/rugby-pspro-420x287.jpg 420w, http:\/\/www.pspro.fr\/wp-content\/uploads\/2024\/02\/rugby-pspro-590x402.jpg 590w, http:\/\/www.pspro.fr\/wp-content\/uploads\/2024\/02\/rugby-pspro-570x390.jpg 570w, http:\/\/www.pspro.fr\/wp-content\/uploads\/2024\/02\/rugby-pspro-448x306.jpg 448w, http:\/\/www.pspro.fr\/wp-content\/uploads\/2024\/02\/rugby-pspro-439x300.jpg 439w, http:\/\/www.pspro.fr\/wp-content\/uploads\/2024\/02\/rugby-pspro-441x301.jpg 441w\" sizes=\"auto, (max-width: 420px) 100vw, 420px\" \/><\/div><div class=\"dt-excersise-detail\"><div class=\"dt-excersise-title\"><h5><a href=\"http:\/\/www.pspro.fr\/en\/dt_activities\/rugby-federale-1\/\">Rugby<\/a><\/h5><\/div><div class=\"dt-excersise-content\"><p>Cette offre vous permet de r\u00e9pondre aux obligations conventionnelles de pr\u00e9voyances propres au Rugby professionnel.<\/p><h6>Categories:<\/h6><p class=\"dt-excersise-meta\"> <a href=\"http:\/\/www.pspro.fr\/en\/activity_entries\/disciplines\/\" rel=\"tag\">Disciplines<\/a> <\/p><a href=\"http:\/\/www.pspro.fr\/en\/dt_activities\/rugby-federale-1\/\" class=\"dt-sc-button small bordered\">View Activity<\/a><\/div><\/div><\/div><\/article><\/div><\/div><!-- **Pagination** --><div class=\"pagination blog-pagination\"><\/div><!-- **Pagination** --><\/div><\/div><\/div><\/div>\n<\/div>","protected":false},"excerpt":{"rendered":"Cette offre vous permet de r\u00e9pondre aux obligations conventionnelles de pr\u00e9voyance propres au Rugby F\u00e9d\u00e9ral. Elle inclut notamment les garanties d\u00e9c\u00e8s, incapacit\u00e9 de travail et perte de licence. &nbsp; Vous [...]","protected":false},"author":1,"featured_media":0,"parent":0,"menu_order":0,"comment_status":"closed","ping_status":"closed","template":"","meta":{"footnotes":""},"class_list":["post-4591","page","type-page","status-publish","hentry"],"_links":{"self":[{"href":"http:\/\/www.pspro.fr\/en\/wp-json\/wp\/v2\/pages\/4591","targetHints":{"allow":["GET"]}}],"collection":[{"href":"http:\/\/www.pspro.fr\/en\/wp-json\/wp\/v2\/pages"}],"about":[{"href":"http:\/\/www.pspro.fr\/en\/wp-json\/wp\/v2\/types\/page"}],"author":[{"embeddable":true,"href":"http:\/\/www.pspro.fr\/en\/wp-json\/wp\/v2\/users\/1"}],"replies":[{"embeddable":true,"href":"http:\/\/www.pspro.fr\/en\/wp-json\/wp\/v2\/comments?post=4591"}],"version-history":[{"count":3,"href":"http:\/\/www.pspro.fr\/en\/wp-json\/wp\/v2\/pages\/4591\/revisions"}],"predecessor-version":[{"id":6795,"href":"http:\/\/www.pspro.fr\/en\/wp-json\/wp\/v2\/pages\/4591\/revisions\/6795"}],"wp:attachment":[{"href":"http:\/\/www.pspro.fr\/en\/wp-json\/wp\/v2\/media?parent=4591"}],"curies":[{"name":"wp","href":"https:\/\/api.w.org\/{rel}","templated":true}]}}