{"id":6718,"date":"2024-02-05T13:33:35","date_gmt":"2024-02-05T12:33:35","guid":{"rendered":"https:\/\/www.pspro.fr\/?page_id=6718"},"modified":"2025-12-11T16:04:33","modified_gmt":"2025-12-11T15:04:33","slug":"souscription","status":"publish","type":"page","link":"http:\/\/www.pspro.fr\/en\/souscription\/","title":{"rendered":"Souscription"},"content":{"rendered":"<div class=\"wpb-content-wrapper\"><div data-vc-full-width=\"true\" data-vc-full-width-init=\"false\" class=\"vc_row wpb_row vc_row-fluid dt-sc-skin-highlight dt-sc-dark-bg aligncenter vc_custom_1628683585754 vc_row-has-fill\"><div class=\"wpb_column vc_column_container vc_col-sm-12\"><div class=\"vc_column-inner\"><div class=\"wpb_wrapper\"><div id=\"1550725977700-3710c9f9-1116\" class=\"dt-sc-empty-space\"><\/div><div class='dt-sc-title border-title aligncenter'><h3>Vous souhaitez adh\u00e9rer ?<\/h3><\/div><div id=\"1549519038374-1b3eb34a-699c\" class=\"dt-sc-empty-space\"><\/div>\n\t<div class=\"wpb_text_column wpb_content_element\" >\n\t\t<div class=\"wpb_wrapper\">\n\t\t\t<p style=\"font-weight: 400; text-align: center;\"><strong>Vous devez adh\u00e9rer \u00e0 l\u2019Association PS PRO (cotisation annuelle de 10\u20ac au 01\/01\/2025) pour pouvoir souscrire \u00e0 l\u2019une de nos offres :<\/strong><\/p>\n<p style=\"text-align: center;\">Il convient de compl\u00e9ter et nous retourner les documents suivants :<\/p>\n<ul style=\"text-align: center;\">\n<li style=\"list-style-type: none;\">\n<ul>\n<li><strong>Le bulletin d'adh\u00e9sion<\/strong> PSPRO avec le <strong>r\u00e8glement de la cotisation annuelle<\/strong> de 10 \u20ac<\/li>\n<li>Le <strong>bulletin de souscription AXA<\/strong> en fonction de votre discipline<br \/>\n\u00e0 nous retourner compl\u00e9t\u00e9s et sign\u00e9s.<\/li>\n<\/ul>\n<\/li>\n<\/ul>\n<p style=\"text-align: center;\">En cas d\u2019interrogation, n\u2019h\u00e9sitez pas \u00e0 nous contacter par mail \u00e0\u00a0<a href=\"mailto:contact@pspro.fr\">contact@pspro.fr<\/a>\u00a0ou par t\u00e9l\u00e9phone au <a href=\"tel:0144838556\">01.44.83.85.56<\/a><\/p>\n<p style=\"text-align: center;\">Nous sommes \u00e0 votre enti\u00e8re disposition.<\/p>\n<p style=\"text-align: center;\">Sportivement v\u00f4tre\u00a0!<\/p>\n\n\t\t<\/div>\n\t<\/div>\n<div class=\"vc_btn3-container vc_btn3-center vc_do_btn\" ><a class=\"vc_general vc_btn3 vc_btn3-size-md vc_btn3-shape-rounded vc_btn3-style-classic vc_btn3-icon-left vc_btn3-color-white\" href=\"http:\/\/www.pspro.fr\/wp-content\/uploads\/2025\/12\/Bulletin-adhesion-Asso-PS-Pro-2026.pdf\" title=\"\" target=\"_blank\"><i class=\"vc_btn3-icon fas fa-file-export\"><\/i> Je t\u00e9l\u00e9charger le bulletin d'adh\u00e9sion \u00e0 l'association PS PRO<\/a><\/div><div id=\"1549521359821-22e79921-f8bb\" class=\"dt-sc-empty-space\"><\/div>\n<div class=\"wpcf7 no-js\" id=\"wpcf7-f5972-o1\" lang=\"en-US\" dir=\"ltr\" data-wpcf7-id=\"5972\">\n<div class=\"screen-reader-response\"><p role=\"status\" aria-live=\"polite\" aria-atomic=\"true\"><\/p> <ul><\/ul><\/div>\n<form action=\"\/en\/wp-json\/wp\/v2\/pages\/6718#wpcf7-f5972-o1\" method=\"post\" class=\"wpcf7-form init\" aria-label=\"Contact form\" novalidate=\"novalidate\" data-status=\"init\" data-trp-original-action=\"\/en\/wp-json\/wp\/v2\/pages\/6718#wpcf7-f5972-o1\">\n<fieldset class=\"hidden-fields-container\"><input type=\"hidden\" name=\"_wpcf7\" value=\"5972\" \/><input type=\"hidden\" name=\"_wpcf7_version\" value=\"6.1.4\" \/><input type=\"hidden\" name=\"_wpcf7_locale\" value=\"en_US\" \/><input type=\"hidden\" name=\"_wpcf7_unit_tag\" value=\"wpcf7-f5972-o1\" \/><input type=\"hidden\" name=\"_wpcf7_container_post\" value=\"0\" \/><input type=\"hidden\" name=\"_wpcf7_posted_data_hash\" value=\"\" \/>\n<\/fieldset>\n<div class=\"demi\">\n\t<p><span class=\"wpcf7-form-control-wrap\" data-name=\"Nom\"><input size=\"40\" maxlength=\"400\" class=\"wpcf7-form-control wpcf7-text wpcf7-validates-as-required\" aria-required=\"true\" aria-invalid=\"false\" placeholder=\"Nom\" value=\"\" type=\"text\" name=\"Nom\" \/><\/span><br \/>\n<span class=\"wpcf7-form-control-wrap\" data-name=\"Prenom\"><input size=\"40\" maxlength=\"400\" class=\"wpcf7-form-control wpcf7-text wpcf7-validates-as-required\" aria-required=\"true\" aria-invalid=\"false\" placeholder=\"Pr\u00e9nom\" value=\"\" type=\"text\" name=\"Prenom\" \/><\/span>\n\t<\/p>\n<\/div>\n<div class=\"demi\">\n\t<p><span class=\"wpcf7-form-control-wrap\" data-name=\"Discipline\"><input size=\"40\" maxlength=\"400\" class=\"wpcf7-form-control wpcf7-text wpcf7-validates-as-required\" aria-required=\"true\" aria-invalid=\"false\" placeholder=\"Discipline\" value=\"\" type=\"text\" name=\"Discipline\" \/><\/span><br \/>\n<span class=\"wpcf7-form-control-wrap\" data-name=\"Club\"><input size=\"40\" maxlength=\"400\" class=\"wpcf7-form-control wpcf7-text wpcf7-validates-as-required\" aria-required=\"true\" aria-invalid=\"false\" placeholder=\"Club\" value=\"\" type=\"text\" name=\"Club\" \/><\/span>\n\t<\/p>\n<\/div>\n<div class=\"demi\">\n\t<p><span class=\"wpcf7-form-control-wrap\" data-name=\"Email\"><input size=\"40\" maxlength=\"400\" class=\"wpcf7-form-control wpcf7-email wpcf7-validates-as-required wpcf7-text wpcf7-validates-as-email\" aria-required=\"true\" aria-invalid=\"false\" placeholder=\"Email\" value=\"\" type=\"email\" name=\"Email\" \/><\/span><br \/>\n<span class=\"wpcf7-form-control-wrap\" data-name=\"Phone\"><input size=\"40\" maxlength=\"400\" class=\"wpcf7-form-control wpcf7-tel wpcf7-validates-as-required wpcf7-text wpcf7-validates-as-tel\" aria-required=\"true\" aria-invalid=\"false\" placeholder=\"T\u00e9l\u00e9phone\" value=\"\" type=\"tel\" name=\"Phone\" \/><\/span>\n\t<\/p>\n<\/div>\n<div class=\"entier\">\n\t<p><span class=\"wpcf7-form-control-wrap\" data-name=\"Message\"><textarea cols=\"40\" rows=\"10\" maxlength=\"2000\" class=\"wpcf7-form-control wpcf7-textarea\" aria-invalid=\"false\" placeholder=\"Message\" name=\"Message\"><\/textarea><\/span>\n\t<\/p>\n\t<p><input class=\"wpcf7-form-control wpcf7-submit has-spinner dt-sc-button bordered\" type=\"submit\" value=\"Envoyer formulaire\" \/>\n\t<\/p>\n<\/div><div class=\"wpcf7-response-output\" aria-hidden=\"true\"><\/div>\n<input type=\"hidden\" name=\"trp-form-language\" value=\"en\"\/><\/form>\n<\/div>\n<div id=\"1707136365097-ff6d8a11-556c\" class=\"dt-sc-empty-space\"><\/div><\/div><\/div><\/div><\/div><div class=\"vc_row-full-width vc_clearfix\"><\/div><div class=\"vc_row wpb_row vc_row-fluid vc_custom_1739780717250\"><div class=\"wpb_column vc_column_container vc_col-sm-4\"><div class=\"vc_column-inner\"><div class=\"wpb_wrapper\"><div class='dt-sc-title mz-stripe-title'><div class='mz-stripe-title-content'><h6>Notre Adresse <span><\/span><\/h6><\/div><\/div><div class='dt-sc-contact-info'><span class='fa fa-rocket'> <\/span>23, rue Chauchat<br>\nCS 33132 75009 PARIS<\/div><div id=\"1550725028637-9373fcc2-7e93\" class=\"dt-sc-empty-space\"><\/div><\/div><\/div><\/div><div class=\"wpb_column vc_column_container vc_col-sm-4\"><div class=\"vc_column-inner\"><div class=\"wpb_wrapper\"><div class='dt-sc-title mz-stripe-title'><div class='mz-stripe-title-content'><h6>Nos coordonn\u00e9es <span><\/span><\/h6><\/div><\/div><div class='dt-sc-contact-info'><span class='fa fa-envelope'> <\/span><a href=\"mailto:contact@pspro.fr\">contact@pspro.fr<\/a><\/div><div id=\"1549519051586-bbd907e1-6936\" class=\"dt-sc-empty-space\"><\/div><div class='dt-sc-contact-info'><span class='fa fa-phone'> <\/span><a href=\"tel:01 44 83 85 56\">01 44 83 85 56<\/a><\/div><div id=\"1549521339961-43dfdf73-dc62\" class=\"dt-sc-empty-space\"><\/div><div class='dt-sc-contact-info'><span class='fa fa-globe'> <\/span><a href=\"http:\/\/www.pspro.fr\/en\/\" target=\"_blank\" rel=\"noopener noreferrer\">www.pspro.fr<\/a><\/div><div id=\"1551156398174-3a0cd383-b0c0\" class=\"dt-sc-empty-space\"><\/div><\/div><\/div><\/div><div class=\"wpb_column vc_column_container vc_col-sm-4\"><div class=\"vc_column-inner\"><div class=\"wpb_wrapper\"><div class='dt-sc-title mz-stripe-title'><div class='mz-stripe-title-content'><h6>Nos horaires d'ouverture <span><\/span><\/h6><\/div><\/div><div class='dt-working-hours'><ul><li>Du lundi au vendredi<span>09h30 - 17h30<\/span><\/li><\/ul><\/div><div id=\"1551156392834-ae863264-f593\" class=\"dt-sc-empty-space\"><\/div><\/div><\/div><\/div><\/div>\n<\/div>","protected":false},"excerpt":{"rendered":"Vous souhaitez adh\u00e9rer ? Vous devez adh\u00e9rer \u00e0 l\u2019Association PS PRO (cotisation annuelle de 10\u20ac au 01\/01\/2025) pour pouvoir souscrire \u00e0 l\u2019une de nos offres : Il convient de compl\u00e9ter [...]","protected":false},"author":1,"featured_media":0,"parent":0,"menu_order":0,"comment_status":"closed","ping_status":"closed","template":"","meta":{"footnotes":""},"class_list":["post-6718","page","type-page","status-publish","hentry"],"_links":{"self":[{"href":"http:\/\/www.pspro.fr\/en\/wp-json\/wp\/v2\/pages\/6718","targetHints":{"allow":["GET"]}}],"collection":[{"href":"http:\/\/www.pspro.fr\/en\/wp-json\/wp\/v2\/pages"}],"about":[{"href":"http:\/\/www.pspro.fr\/en\/wp-json\/wp\/v2\/types\/page"}],"author":[{"embeddable":true,"href":"http:\/\/www.pspro.fr\/en\/wp-json\/wp\/v2\/users\/1"}],"replies":[{"embeddable":true,"href":"http:\/\/www.pspro.fr\/en\/wp-json\/wp\/v2\/comments?post=6718"}],"version-history":[{"count":11,"href":"http:\/\/www.pspro.fr\/en\/wp-json\/wp\/v2\/pages\/6718\/revisions"}],"predecessor-version":[{"id":7004,"href":"http:\/\/www.pspro.fr\/en\/wp-json\/wp\/v2\/pages\/6718\/revisions\/7004"}],"wp:attachment":[{"href":"http:\/\/www.pspro.fr\/en\/wp-json\/wp\/v2\/media?parent=6718"}],"curies":[{"name":"wp","href":"https:\/\/api.w.org\/{rel}","templated":true}]}}